{"id":475,"date":"2026-03-23T09:16:14","date_gmt":"2026-03-23T08:16:14","guid":{"rendered":"https:\/\/componentes.devokisam.com\/?page_id=475"},"modified":"2026-03-30T09:09:06","modified_gmt":"2026-03-30T07:09:06","slug":"componentes-area-living-2","status":"publish","type":"page","link":"https:\/\/componentes.devokisam.com\/index.php\/componentes-area-living-2\/","title":{"rendered":"Componentes Area living 2"},"content":{"rendered":"\t\t<div data-elementor-type=\"wp-page\" data-elementor-id=\"475\" class=\"elementor elementor-475\" data-elementor-post-type=\"page\">\n\t\t\t\t<div class=\"elementor-element elementor-element-84a5216 e-flex e-con-boxed e-con e-parent\" data-id=\"84a5216\" data-element_type=\"container\" data-e-type=\"container\" data-settings=\"{&quot;background_background&quot;:&quot;classic&quot;}\">\n\t\t\t\t\t<div class=\"e-con-inner\">\n\t\t<div class=\"elementor-element elementor-element-518e729 e-con-full e-flex e-con e-child\" data-id=\"518e729\" data-element_type=\"container\" data-e-type=\"container\">\n\t\t<div class=\"elementor-element elementor-element-e40da1a e-con-full e-flex e-con e-child\" data-id=\"e40da1a\" data-element_type=\"container\" data-e-type=\"container\">\n\t\t<div class=\"elementor-element elementor-element-a4cc21e e-con-full e-flex e-con e-child\" data-id=\"a4cc21e\" data-element_type=\"container\" data-e-type=\"container\">\n\t\t\t\t<div class=\"elementor-element elementor-element-2cab949 elementor-widget__width-initial elementor-widget elementor-widget-heading\" data-id=\"2cab949\" data-element_type=\"widget\" data-e-type=\"widget\" data-widget_type=\"heading.default\">\n\t\t\t\t\t<h2 class=\"elementor-heading-title elementor-size-default\">Nuestros servicios de instalaci\u00f3n dom\u00f3tica<\/h2>\t\t\t\t<\/div>\n\t\t\t\t<\/div>\n\t\t\t\t<\/div>\n\t\t<div class=\"elementor-element elementor-element-9c93571 e-con-full e-flex e-con e-child\" data-id=\"9c93571\" data-element_type=\"container\" data-e-type=\"container\">\n\t\t<div class=\"elementor-element elementor-element-52119db e-con-full e-flex e-con e-child\" data-id=\"52119db\" data-element_type=\"container\" data-e-type=\"container\">\n\t\t<div class=\"elementor-element elementor-element-d6c9a4b e-con-full e-flex e-con e-child\" data-id=\"d6c9a4b\" data-element_type=\"container\" data-e-type=\"container\">\n\t\t<div class=\"elementor-element elementor-element-dbcc754 e-con-full e-flex e-con e-child\" data-id=\"dbcc754\" data-element_type=\"container\" data-e-type=\"container\">\n\t\t\t\t<div class=\"elementor-element elementor-element-286e5c3 elementor-widget__width-initial elementor-position-top elementor-widget elementor-widget-image-box\" data-id=\"286e5c3\" data-element_type=\"widget\" data-e-type=\"widget\" data-widget_type=\"image-box.default\">\n\t\t\t\t\t<div class=\"elementor-image-box-wrapper\"><figure class=\"elementor-image-box-img\"><img decoding=\"async\" width=\"100\" height=\"100\" src=\"https:\/\/componentes.devokisam.com\/wp-content\/uploads\/2026\/02\/Frame-71.png\" class=\"attachment-full size-full wp-image-13\" alt=\"\" \/><\/figure><div class=\"elementor-image-box-content\"><h3 class=\"elementor-image-box-title\">Iluminaci\u00f3n inteligente<\/h3><p class=\"elementor-image-box-description\">Automatizamos y controlamos todas tus luces.<\/p><\/div><\/div>\t\t\t\t<\/div>\n\t\t\t\t<div class=\"elementor-element elementor-element-c875e8e okisam-btn-animation-icon-back elementor-widget elementor-widget-button\" data-id=\"c875e8e\" data-element_type=\"widget\" data-e-type=\"widget\" data-widget_type=\"button.default\">\n\t\t\t\t\t\t\t\t\t\t<a class=\"elementor-button elementor-button-link elementor-size-sm\" href=\"#\">\n\t\t\t\t\t\t<span class=\"elementor-button-content-wrapper\">\n\t\t\t\t\t\t<span class=\"elementor-button-icon\">\n\t\t\t\t<i aria-hidden=\"true\" class=\"fas fa-long-arrow-alt-right\"><\/i>\t\t\t<\/span>\n\t\t\t\t\t\t\t\t\t<span class=\"elementor-button-text\">VER M\u00c1S<\/span>\n\t\t\t\t\t<\/span>\n\t\t\t\t\t<\/a>\n\t\t\t\t\t\t\t\t<\/div>\n\t\t\t\t<\/div>\n\t\t\t\t<\/div>\n\t\t<div class=\"elementor-element elementor-element-3ad9bd2 e-con-full elementor-hidden-tablet elementor-hidden-mobile e-flex e-con e-child\" data-id=\"3ad9bd2\" data-element_type=\"container\" data-e-type=\"container\">\n\t\t\t\t<\/div>\n\t\t\t\t<\/div>\n\t\t\t\t<\/div>\n\t\t\t\t<\/div>\n\t\t\t\t\t<\/div>\n\t\t\t\t<\/div>\n\t\t<div class=\"elementor-element elementor-element-da780b0 e-con-full e-flex e-con e-child\" data-id=\"da780b0\" data-element_type=\"container\" data-e-type=\"container\" data-settings=\"{&quot;background_background&quot;:&quot;classic&quot;}\">\n\t\t<div class=\"elementor-element elementor-element-55533d7 e-con-full e-flex e-con e-child\" data-id=\"55533d7\" data-element_type=\"container\" data-e-type=\"container\">\n\t\t\t\t<div class=\"elementor-element elementor-element-b870b48 elementor-widget__width-initial elementor-widget elementor-widget-heading\" data-id=\"b870b48\" data-element_type=\"widget\" data-e-type=\"widget\" data-widget_type=\"heading.default\">\n\t\t\t\t\t<h2 class=\"elementor-heading-title elementor-size-default\">Integra todos tus dispositivos con la app Savant<\/h2>\t\t\t\t<\/div>\n\t\t\t\t<div class=\"elementor-element elementor-element-aee4108 elementor-widget elementor-widget-heading\" data-id=\"aee4108\" data-element_type=\"widget\" data-e-type=\"widget\" data-widget_type=\"heading.default\">\n\t\t\t\t\t<p class=\"elementor-heading-title elementor-size-default\">[ App Savant ]<\/p>\t\t\t\t<\/div>\n\t\t\t\t<\/div>\n\t\t<div class=\"elementor-element elementor-element-29af52e e-con-full e-flex e-con e-child\" data-id=\"29af52e\" data-element_type=\"container\" data-e-type=\"container\">\n\t\t\t\t<div class=\"elementor-element elementor-element-b1feaa6 elementor-widget__width-initial elementor-widget elementor-widget-n-accordion\" data-id=\"b1feaa6\" data-element_type=\"widget\" data-e-type=\"widget\" data-settings=\"{&quot;default_state&quot;:&quot;expanded&quot;,&quot;max_items_expended&quot;:&quot;one&quot;,&quot;n_accordion_animation_duration&quot;:{&quot;unit&quot;:&quot;ms&quot;,&quot;size&quot;:400,&quot;sizes&quot;:[]}}\" data-widget_type=\"nested-accordion.default\">\n\t\t\t\t\t\t\t<div class=\"e-n-accordion\" aria-label=\"Accordion. Open links with Enter or Space, close with Escape, and navigate with Arrow Keys\">\n\t\t\t\t\t\t<details id=\"e-n-accordion-item-1860\" class=\"e-n-accordion-item\" open>\n\t\t\t\t<summary class=\"e-n-accordion-item-title\" data-accordion-index=\"1\" tabindex=\"0\" aria-expanded=\"true\" aria-controls=\"e-n-accordion-item-1860\" >\n\t\t\t\t\t<span class='e-n-accordion-item-title-header'><div class=\"e-n-accordion-item-title-text\"> 01. Control total desde tu smartphone <\/div><\/span>\n\t\t\t\t\t\t\t<span class='e-n-accordion-item-title-icon'>\n\t\t\t<span class='e-opened' ><i aria-hidden=\"true\" class=\"fas fa-minus\"><\/i><\/span>\n\t\t\t<span class='e-closed'><i aria-hidden=\"true\" class=\"fas fa-plus\"><\/i><\/span>\n\t\t<\/span>\n\n\t\t\t\t\t\t<\/summary>\n\t\t\t\t<div role=\"region\" aria-labelledby=\"e-n-accordion-item-1860\" class=\"elementor-element elementor-element-97b9681 e-con-full e-flex e-con e-child\" data-id=\"97b9681\" data-element_type=\"container\" data-e-type=\"container\">\n\t\t\t\t<div class=\"elementor-element elementor-element-ad81c99 elementor-widget__width-initial elementor-widget elementor-widget-text-editor\" data-id=\"ad81c99\" data-element_type=\"widget\" data-e-type=\"widget\" data-widget_type=\"text-editor.default\">\n\t\t\t\t\t\t\t\t\t<p>La app Savant te permite controlar luces, climatizaci\u00f3n, m\u00fasica o seguridad desde cualquier lugar de forma sencilla y segura.<\/p>\t\t\t\t\t\t\t\t<\/div>\n\t\t\t\t<\/div>\n\t\t\t\t\t<\/details>\n\t\t\t\t\t\t<details id=\"e-n-accordion-item-1861\" class=\"e-n-accordion-item\" >\n\t\t\t\t<summary class=\"e-n-accordion-item-title\" data-accordion-index=\"2\" tabindex=\"-1\" aria-expanded=\"false\" aria-controls=\"e-n-accordion-item-1861\" >\n\t\t\t\t\t<span class='e-n-accordion-item-title-header'><div class=\"e-n-accordion-item-title-text\"> 02. Experiencia personalizada para cada usuario <\/div><\/span>\n\t\t\t\t\t\t\t<span class='e-n-accordion-item-title-icon'>\n\t\t\t<span class='e-opened' ><i aria-hidden=\"true\" class=\"fas fa-minus\"><\/i><\/span>\n\t\t\t<span class='e-closed'><i aria-hidden=\"true\" class=\"fas fa-plus\"><\/i><\/span>\n\t\t<\/span>\n\n\t\t\t\t\t\t<\/summary>\n\t\t\t\t<div role=\"region\" aria-labelledby=\"e-n-accordion-item-1861\" class=\"elementor-element elementor-element-9cc1333 e-con-full e-flex e-con e-child\" data-id=\"9cc1333\" data-element_type=\"container\" data-e-type=\"container\">\n\t\t\t\t<div class=\"elementor-element elementor-element-396ec6e elementor-widget__width-initial elementor-widget elementor-widget-text-editor\" data-id=\"396ec6e\" data-element_type=\"widget\" data-e-type=\"widget\" data-widget_type=\"text-editor.default\">\n\t\t\t\t\t\t\t\t\t<p>La app Savant te permite controlar luces, climatizaci\u00f3n, m\u00fasica o seguridad desde cualquier lugar de forma sencilla y segura.<\/p>\t\t\t\t\t\t\t\t<\/div>\n\t\t\t\t<\/div>\n\t\t\t\t\t<\/details>\n\t\t\t\t\t\t<details id=\"e-n-accordion-item-1862\" class=\"e-n-accordion-item\" >\n\t\t\t\t<summary class=\"e-n-accordion-item-title\" data-accordion-index=\"3\" tabindex=\"-1\" aria-expanded=\"false\" aria-controls=\"e-n-accordion-item-1862\" >\n\t\t\t\t\t<span class='e-n-accordion-item-title-header'><div class=\"e-n-accordion-item-title-text\"> 03. Configuraci\u00f3n r\u00e1pida y sin complicaciones <\/div><\/span>\n\t\t\t\t\t\t\t<span class='e-n-accordion-item-title-icon'>\n\t\t\t<span class='e-opened' ><i aria-hidden=\"true\" class=\"fas fa-minus\"><\/i><\/span>\n\t\t\t<span class='e-closed'><i aria-hidden=\"true\" class=\"fas fa-plus\"><\/i><\/span>\n\t\t<\/span>\n\n\t\t\t\t\t\t<\/summary>\n\t\t\t\t<div role=\"region\" aria-labelledby=\"e-n-accordion-item-1862\" class=\"elementor-element elementor-element-d24e428 e-con-full e-flex e-con e-child\" data-id=\"d24e428\" data-element_type=\"container\" data-e-type=\"container\">\n\t\t\t\t<div class=\"elementor-element elementor-element-e94ebfa elementor-widget__width-initial elementor-widget elementor-widget-text-editor\" data-id=\"e94ebfa\" data-element_type=\"widget\" data-e-type=\"widget\" data-widget_type=\"text-editor.default\">\n\t\t\t\t\t\t\t\t\t<p>La app Savant te permite controlar luces, climatizaci\u00f3n, m\u00fasica o seguridad desde cualquier lugar de forma sencilla y segura.<\/p>\t\t\t\t\t\t\t\t<\/div>\n\t\t\t\t<\/div>\n\t\t\t\t\t<\/details>\n\t\t\t\t\t<\/div>\n\t\t\t\t\t\t<\/div>\n\t\t\t\t<div class=\"elementor-element elementor-element-b257044 elementor-hidden-tablet elementor-hidden-mobile elementor-widget elementor-widget-image\" data-id=\"b257044\" data-element_type=\"widget\" data-e-type=\"widget\" data-widget_type=\"image.default\">\n\t\t\t\t\t\t\t\t\t\t\t\t\t\t\t<img fetchpriority=\"high\" decoding=\"async\" width=\"633\" height=\"565\" src=\"https:\/\/componentes.devokisam.com\/wp-content\/uploads\/2026\/03\/architectural-img1.png.png\" class=\"attachment-large size-large wp-image-486\" alt=\"\" srcset=\"https:\/\/componentes.devokisam.com\/wp-content\/uploads\/2026\/03\/architectural-img1.png.png 633w, https:\/\/componentes.devokisam.com\/wp-content\/uploads\/2026\/03\/architectural-img1.png-300x268.png 300w\" sizes=\"(max-width: 633px) 100vw, 633px\" \/>\t\t\t\t\t\t\t\t\t\t\t\t\t\t\t<\/div>\n\t\t\t\t<\/div>\n\t\t\t\t<\/div>\n\t\t<div class=\"elementor-element elementor-element-33a5f40 e-flex e-con-boxed e-con e-child\" data-id=\"33a5f40\" data-element_type=\"container\" data-e-type=\"container\" data-settings=\"{&quot;background_background&quot;:&quot;classic&quot;}\">\n\t\t\t\t\t<div class=\"e-con-inner\">\n\t\t<div class=\"elementor-element elementor-element-9b4ad38 e-con-full animated-slow e-flex elementor-invisible e-con e-child\" data-id=\"9b4ad38\" data-element_type=\"container\" data-e-type=\"container\" data-settings=\"{&quot;animation&quot;:&quot;fadeInUp&quot;,&quot;animation_delay&quot;:500,&quot;background_background&quot;:&quot;classic&quot;}\">\n\t\t<div class=\"elementor-element elementor-element-1b37e76 e-con-full e-flex e-con e-child\" data-id=\"1b37e76\" data-element_type=\"container\" data-e-type=\"container\" data-settings=\"{&quot;background_background&quot;:&quot;classic&quot;}\">\n\t\t<div class=\"elementor-element elementor-element-fb3014f e-con-full e-flex e-con e-child\" data-id=\"fb3014f\" data-element_type=\"container\" data-e-type=\"container\">\n\t\t\t\t<div class=\"elementor-element elementor-element-df4935f elementor-widget elementor-widget-heading\" data-id=\"df4935f\" data-element_type=\"widget\" data-e-type=\"widget\" data-widget_type=\"heading.default\">\n\t\t\t\t\t<h2 class=\"elementor-heading-title elementor-size-default\">Tu hogar, m\u00e1s c\u00f3modo, seguro y eficiente<\/h2>\t\t\t\t<\/div>\n\t\t\t\t<\/div>\n\t\t\t\t<div class=\"elementor-element elementor-element-9cf4cd8 elementor-widget elementor-widget-shortcode\" data-id=\"9cf4cd8\" data-element_type=\"widget\" data-e-type=\"widget\" data-widget_type=\"shortcode.default\">\n\t\t\t\t\t\t\t<div class=\"elementor-shortcode\">\n<div class=\"wpcf7 no-js\" id=\"wpcf7-f11-o1\" lang=\"es-ES\" dir=\"ltr\" data-wpcf7-id=\"11\">\n<div class=\"screen-reader-response\"><p role=\"status\" aria-live=\"polite\" aria-atomic=\"true\"><\/p> <ul><\/ul><\/div>\n<form action=\"\/index.php\/wp-json\/wp\/v2\/pages\/475#wpcf7-f11-o1\" method=\"post\" class=\"wpcf7-form init\" aria-label=\"Formulario de contacto\" novalidate=\"novalidate\" data-status=\"init\">\n<fieldset class=\"hidden-fields-container\"><input type=\"hidden\" name=\"_wpcf7\" value=\"11\" \/><input type=\"hidden\" name=\"_wpcf7_version\" value=\"6.1.5\" \/><input type=\"hidden\" name=\"_wpcf7_locale\" value=\"es_ES\" \/><input type=\"hidden\" name=\"_wpcf7_unit_tag\" value=\"wpcf7-f11-o1\" \/><input type=\"hidden\" name=\"_wpcf7_container_post\" value=\"0\" \/><input type=\"hidden\" name=\"_wpcf7_posted_data_hash\" value=\"\" \/>\n<\/fieldset>\n<div class=\"contact1\">\n\t<div class=\"pxl-contact-inner\">\n\t\t<div class=\"pxl-inner-form\">\n\t\t\t<div class=\"row\">\n\t\t\t\t<div class=\"col-lg-6 col-md-6 col-sm-12\">\n\t\t\t\t\t<div class=\"form pxl-item-name\">\n\t\t\t\t\t\t<p><span class=\"wpcf7-form-control-wrap\" data-name=\"text-484\"><input size=\"40\" maxlength=\"400\" class=\"wpcf7-form-control wpcf7-text wpcf7-validates-as-required\" aria-required=\"true\" aria-invalid=\"false\" placeholder=\"Nombre*\" value=\"\" type=\"text\" name=\"text-484\" \/><\/span>\n\t\t\t\t\t\t<\/p>\n\t\t\t\t\t<\/div>\n\t\t\t\t\t<div class=\"form pxl-item-email\">\n\t\t\t\t\t\t<p><span class=\"wpcf7-form-control-wrap\" data-name=\"email-761\"><input size=\"40\" maxlength=\"400\" class=\"wpcf7-form-control wpcf7-email wpcf7-validates-as-required wpcf7-text wpcf7-validates-as-email\" aria-required=\"true\" aria-invalid=\"false\" placeholder=\"Correo Electronico*\" value=\"\" type=\"email\" name=\"email-761\" \/><\/span>\n\t\t\t\t\t\t<\/p>\n\t\t\t\t\t<\/div>\n\t\t\t\t<\/div>\n\t\t\t\t<div class=\"col-lg-6 col-md-6 col-sm-12\">\n\t\t\t\t\t<div class=\"form pxl-item-phone\">\n\t\t\t\t\t\t<p><span class=\"wpcf7-form-control-wrap\" data-name=\"tel-913\"><input size=\"40\" maxlength=\"400\" class=\"wpcf7-form-control wpcf7-tel wpcf7-validates-as-required wpcf7-text wpcf7-validates-as-tel\" aria-required=\"true\" aria-invalid=\"false\" placeholder=\"Numero de tel\u00e9fono*\" value=\"\" type=\"tel\" name=\"tel-913\" \/><\/span>\n\t\t\t\t\t\t<\/p>\n\t\t\t\t\t<\/div>\n\t\t\t\t\t<div class=\"form pxl-item-service\">\n\t\t\t\t\t\t<p><span class=\"wpcf7-form-control-wrap\" data-name=\"select-835\"><select class=\"wpcf7-form-control wpcf7-select wpcf7-validates-as-required\" aria-required=\"true\" aria-invalid=\"false\" name=\"select-835\"><option value=\"Integraci\u00f3n audiovisual\">Integraci\u00f3n audiovisual<\/option><option value=\"Dom\u00f3tica\">Dom\u00f3tica<\/option><option value=\"Sala de cine en casa\">Sala de cine en casa<\/option><option value=\"Otro\">Otro<\/option><\/select><\/span>\n\t\t\t\t\t\t<\/p>\n\t\t\t\t\t<\/div>\n\t\t\t\t<\/div>\n\t\t\t<\/div>\n\t\t\t<div class=\"form pxl-item-message\">\n\t\t\t\t<p><span class=\"wpcf7-form-control-wrap\" data-name=\"textarea-759\"><textarea cols=\"40\" rows=\"10\" maxlength=\"2000\" class=\"wpcf7-form-control wpcf7-textarea wpcf7-validates-as-required\" aria-required=\"true\" aria-invalid=\"false\" placeholder=\"Mensaje...\" name=\"textarea-759\"><\/textarea><\/span>\n\t\t\t\t<\/p>\n\t\t\t<\/div>\n\t\t\t<div class=\" okisam-aceptacion\">\n\t\t\t\t<p><span class=\"wpcf7-form-control-wrap\" data-name=\"acceptance-849\"><span class=\"wpcf7-form-control wpcf7-acceptance\"><span class=\"wpcf7-list-item\"><label><input type=\"checkbox\" name=\"acceptance-849\" value=\"1\" aria-invalid=\"false\" \/><span class=\"wpcf7-list-item-label\">He Le\u00eddo, entiendo y acepto la Pol\u00edtica de Privacidad y las Condiciones de Uso * \n\n<span class=\"legal-text-break\">De conformidad con lo establecido en el REGLAMENTO (UE) 2016\/679 de protecci\u00f3n de datos de car\u00e1cter personal (RGPD), le informamos que los datos que usted nos facilite ser\u00e1n incorporados al sistema de tratamiento titularidad de Okisam, y domicilio social sito en C\/Espinosa 13, (bajo izq.) 46008, Valencia. Con la finalidad de PUBLICIDAD Y PROSPECCI\u00d3N COMERCIAL. He Le\u00eddo, entiendo y acepto la Pol\u00edtica de privacidad y las Condiciones de Uso * <\/span><\/span><\/label><\/span><\/span><\/span>\n\t\t\t\t<\/p>\n\t\t\t<\/div>\n\t\t\t<div class=\"contact-submit\">\n\t\t\t\t<p><button class=\"\" type=\"submit\" data-animation=\"pxl-xspin\"><br \/>\n<svg xmlns=\"http:\/\/www.w3.org\/2000\/svg\" class=\"\" width=\"23\" height=\"13\" viewBox=\"0 0 23 13\" fill=\"none\"><path d=\"M0 6.5H22M22 6.5L16 1M22 6.5L16 12\" stroke=\"#121212\" stroke-width=\"1.5\" stroke-linejoin=\"round\"><\/path><\/svg><br \/>\n<span class=\"\"><br \/>\nContacta con nosotros<br \/>\n<\/span><br \/>\n<\/button>\n\t\t\t\t<\/p>\n\t\t\t<\/div>\n\t\t<\/div>\n\t<\/div>\n<\/div><div class=\"wpcf7-response-output\" aria-hidden=\"true\"><\/div>\n<\/form>\n<\/div>\n<\/div>\n\t\t\t\t\t\t<\/div>\n\t\t\t\t<\/div>\n\t\t<div class=\"elementor-element elementor-element-10dd043 e-con-full elementor-hidden-tablet elementor-hidden-mobile e-flex e-con e-child\" data-id=\"10dd043\" data-element_type=\"container\" data-e-type=\"container\" data-settings=\"{&quot;background_background&quot;:&quot;classic&quot;}\">\n\t\t\t\t<\/div>\n\t\t\t\t<\/div>\n\t\t\t\t\t<\/div>\n\t\t\t\t<\/div>\n\t\t\t\t<\/div>\n\t\t","protected":false},"excerpt":{"rendered":"<p>Nuestros servicios de instalaci\u00f3n dom\u00f3tica Iluminaci\u00f3n inteligente Automatizamos y controlamos todas tus luces. VER M\u00c1S Integra todos tus dispositivos con la app Savant [ App Savant ] 01. Control total desde tu smartphone La app Savant te permite controlar luces, climatizaci\u00f3n, m\u00fasica o seguridad desde cualquier lugar de forma sencilla y segura. 02. Experiencia personalizada [&hellip;]<\/p>\n","protected":false},"author":1,"featured_media":0,"parent":0,"menu_order":0,"comment_status":"closed","ping_status":"closed","template":"","meta":{"footnotes":""},"class_list":["post-475","page","type-page","status-publish","hentry"],"_links":{"self":[{"href":"https:\/\/componentes.devokisam.com\/index.php\/wp-json\/wp\/v2\/pages\/475","targetHints":{"allow":["GET"]}}],"collection":[{"href":"https:\/\/componentes.devokisam.com\/index.php\/wp-json\/wp\/v2\/pages"}],"about":[{"href":"https:\/\/componentes.devokisam.com\/index.php\/wp-json\/wp\/v2\/types\/page"}],"author":[{"embeddable":true,"href":"https:\/\/componentes.devokisam.com\/index.php\/wp-json\/wp\/v2\/users\/1"}],"replies":[{"embeddable":true,"href":"https:\/\/componentes.devokisam.com\/index.php\/wp-json\/wp\/v2\/comments?post=475"}],"version-history":[{"count":37,"href":"https:\/\/componentes.devokisam.com\/index.php\/wp-json\/wp\/v2\/pages\/475\/revisions"}],"predecessor-version":[{"id":1601,"href":"https:\/\/componentes.devokisam.com\/index.php\/wp-json\/wp\/v2\/pages\/475\/revisions\/1601"}],"wp:attachment":[{"href":"https:\/\/componentes.devokisam.com\/index.php\/wp-json\/wp\/v2\/media?parent=475"}],"curies":[{"name":"wp","href":"https:\/\/api.w.org\/{rel}","templated":true}]}}